{"id":813,"date":"2023-10-11T12:48:51","date_gmt":"2023-10-11T12:48:51","guid":{"rendered":"https:\/\/www.stoehr-bakery.de\/?page_id=813"},"modified":"2025-06-06T12:51:49","modified_gmt":"2025-06-06T12:51:49","slug":"kontakt","status":"publish","type":"page","link":"https:\/\/www.stoehr-bakery.de\/en\/kontakt\/","title":{"rendered":"Contact"},"content":{"rendered":"<img decoding=\"async\" loading=\"lazy\" src=\"https:\/\/www.stoehr-bakery.de\/wp-content\/uploads\/2023\/11\/stoehr_background_desktop-scaled.webp\" alt=\"stoehr_background_desktop\" itemprop=\"image\" height=\"1440\" width=\"2560\" title=\"stoehr_background_desktop\" onerror=\"this.style.display='none'\">\n<h1>\n\t\tContact\n\t<\/h1>\n\t<p>We would be happy to answer your questions about our products or our company at St\u00f6hr Bakery. You can contact us directly with your request using the form.<\/p>\n\t\n<div class=\"wpcf7 no-js\" id=\"wpcf7-f281-o1\" lang=\"de-DE\" dir=\"ltr\">\n<div class=\"screen-reader-response\"><p role=\"status\" aria-live=\"polite\" aria-atomic=\"true\"><\/p> <ul><\/ul><\/div>\n<form action=\"\/en\/wp-json\/wp\/v2\/pages\/813#wpcf7-f281-o1\" method=\"post\" class=\"wpcf7-form init wpcf7-acceptance-as-validation\" aria-label=\"Kontaktformular\" novalidate=\"novalidate\" data-status=\"init\" data-trp-original-action=\"\/en\/wp-json\/wp\/v2\/pages\/813#wpcf7-f281-o1\">\n<div style=\"display: none;\">\n<input type=\"hidden\" name=\"_wpcf7\" value=\"281\" \/>\n<input type=\"hidden\" name=\"_wpcf7_version\" value=\"5.9.8\" \/>\n<input type=\"hidden\" name=\"_wpcf7_locale\" value=\"de_DE\" \/>\n<input type=\"hidden\" name=\"_wpcf7_unit_tag\" value=\"wpcf7-f281-o1\" \/>\n<input type=\"hidden\" name=\"_wpcf7_container_post\" value=\"0\" \/>\n<input type=\"hidden\" name=\"_wpcf7_posted_data_hash\" value=\"\" \/>\n<\/div>\n<div class=\"wps-form\">\n\t<div class=\"wps-form-row\">\n\t\t<div class=\"wps-form-column\">\n\t\t\t<p><span class=\"wpcf7-form-control-wrap\" data-name=\"firstname-1\"><input size=\"40\" maxlength=\"400\" class=\"wpcf7-form-control wpcf7-text wpcf7-validates-as-required\" aria-required=\"true\" aria-invalid=\"false\" placeholder=\"First name\" value=\"\" type=\"text\" name=\"firstname-1\" \/><\/span>\n\t\t\t<\/p>\n\t\t<\/div>\n\t\t<div class=\"wps-form-column\">\n\t\t\t<p><span class=\"wpcf7-form-control-wrap\" data-name=\"lastname-1\"><input size=\"40\" maxlength=\"400\" class=\"wpcf7-form-control wpcf7-text wpcf7-validates-as-required\" aria-required=\"true\" aria-invalid=\"false\" placeholder=\"Last name\" value=\"\" type=\"text\" name=\"lastname-1\" \/><\/span>\n\t\t\t<\/p>\n\t\t<\/div>\n\t<\/div>\n\t<div class=\"wps-form-row\">\n\t\t<div class=\"wps-form-column\">\n\t\t\t<p><span class=\"wpcf7-form-control-wrap\" data-name=\"email-1\"><input size=\"40\" maxlength=\"400\" class=\"wpcf7-form-control wpcf7-email wpcf7-validates-as-required wpcf7-text wpcf7-validates-as-email\" aria-required=\"true\" aria-invalid=\"false\" placeholder=\"E-mail address\" value=\"\" type=\"email\" name=\"email-1\" \/><\/span>\n\t\t\t<\/p>\n\t\t<\/div>\n\t\t<div class=\"wps-form-column\">\n\t\t\t<p><span class=\"wpcf7-form-control-wrap\" data-name=\"tel-1\"><input size=\"40\" maxlength=\"400\" class=\"wpcf7-form-control wpcf7-tel wpcf7-text wpcf7-validates-as-tel\" aria-invalid=\"false\" placeholder=\"Phone number\" value=\"\" type=\"tel\" name=\"tel-1\" \/><\/span>\n\t\t\t<\/p>\n\t\t<\/div>\n\t<\/div>\n\t<p><span class=\"wpcf7-form-control-wrap\" data-name=\"textarea-1\"><textarea cols=\"40\" rows=\"5\" maxlength=\"2000\" class=\"wpcf7-form-control wpcf7-textarea wpcf7-validates-as-required\" aria-required=\"true\" aria-invalid=\"false\" placeholder=\"Your message\" name=\"textarea-1\"><\/textarea><\/span><br \/>\n<span class=\"wpcf7-form-control-wrap\" data-name=\"quiz-427\"><label><span class=\"wpcf7-quiz-label\">Die Hauptstadt von Deutschland?<\/span> <input size=\"40\" class=\"wpcf7-form-control wpcf7-quiz\" autocomplete=\"off\" aria-required=\"true\" aria-invalid=\"false\" type=\"text\" name=\"quiz-427\" \/><\/label><input type=\"hidden\" name=\"_wpcf7_quiz_answer_quiz-427\" value=\"a631eda0060206730cac2b59ad08736b\" \/><\/span><br \/>\n<span class=\"wpcf7-form-control-wrap\" data-name=\"term_and_conditions\"><span class=\"wpcf7-form-control wpcf7-acceptance\"><span class=\"wpcf7-list-item\"><label><input type=\"checkbox\" name=\"term_and_conditions\" value=\"1\" class=\"required\" aria-invalid=\"false\" \/><span class=\"wpcf7-list-item-label\">I have read the <a href=\"https:\/\/www.stoehr-bakery.de\/en\/datenschutz\/\">privacy policy<\/a> and agree to it.<\/span><\/label><\/span><\/span><\/span><input class=\"wpcf7-form-control wpcf7-submit has-spinner button\" type=\"submit\" value=\"Send message\" \/>\n\t<\/p>\n<\/div><div class=\"wpcf7-response-output\" aria-hidden=\"true\"><\/div>\n<input type=\"hidden\" name=\"trp-form-language\" value=\"en\"\/><\/form>\n<\/div>\n\n\t<iframe src=\"https:\/\/www.google.com\/maps\/embed\/v1\/place?q=st%C3%B6hr+bakery&amp;key=AIzaSyD09zQ9PNDNNy9TadMuzRV_UsPUoWKntt8\" aria-hidden=\"true\"><\/iframe>","protected":false},"excerpt":{"rendered":"<p>Kontakt Gerne beantworten wir Ihre Fragen zu unseren Produkten oder unserem Unternehmen der St\u00f6hr Bakery. \u00dcber das Formular k\u00f6nnen Sie mit ihrem Anliegen direkt Kontakt zu uns aufnehmen.<\/p>","protected":false},"author":3,"featured_media":0,"parent":0,"menu_order":0,"comment_status":"closed","ping_status":"closed","template":"","meta":{"inline_featured_image":false,"footnotes":""},"acf":[],"yoast_head":"<!-- This site is optimized with the Yoast SEO plugin v21.5 - https:\/\/yoast.com\/wordpress\/plugins\/seo\/ -->\n<title>Kontakt - St\u00f6hr Bakery<\/title>\n<meta name=\"robots\" content=\"index, follow, max-snippet:-1, max-image-preview:large, max-video-preview:-1\" \/>\n<link rel=\"canonical\" href=\"https:\/\/www.stoehr-bakery.de\/en\/kontakt\/\" \/>\n<meta property=\"og:locale\" content=\"en_GB\" \/>\n<meta property=\"og:type\" content=\"article\" \/>\n<meta property=\"og:title\" content=\"Kontakt - St\u00f6hr Bakery\" \/>\n<meta property=\"og:description\" content=\"Kontakt Gerne beantworten wir Ihre Fragen zu unseren Produkten oder unserem Unternehmen der St\u00f6hr Bakery. \u00dcber das Formular k\u00f6nnen Sie mit ihrem Anliegen direkt Kontakt zu uns aufnehmen.\" \/>\n<meta property=\"og:url\" content=\"https:\/\/www.stoehr-bakery.de\/en\/kontakt\/\" \/>\n<meta property=\"og:site_name\" content=\"St\u00f6hr Bakery\" \/>\n<meta property=\"article:modified_time\" content=\"2025-06-06T12:51:49+00:00\" \/>\n<meta property=\"og:image\" content=\"https:\/\/www.stoehr-bakery.de\/wp-content\/uploads\/2023\/11\/stoehr_background_desktop-scaled.webp\" \/>\n<meta name=\"twitter:card\" content=\"summary_large_image\" \/>\n<meta name=\"twitter:label1\" content=\"Estimated reading time\" \/>\n\t<meta name=\"twitter:data1\" content=\"1 minute\" \/>\n<script type=\"application\/ld+json\" class=\"yoast-schema-graph\">{\"@context\":\"https:\/\/schema.org\",\"@graph\":[{\"@type\":\"WebPage\",\"@id\":\"https:\/\/www.stoehr-bakery.de\/kontakt\/\",\"url\":\"https:\/\/www.stoehr-bakery.de\/kontakt\/\",\"name\":\"Kontakt - St\u00f6hr Bakery\",\"isPartOf\":{\"@id\":\"https:\/\/www.stoehr-bakery.de\/#website\"},\"datePublished\":\"2023-10-11T12:48:51+00:00\",\"dateModified\":\"2025-06-06T12:51:49+00:00\",\"breadcrumb\":{\"@id\":\"https:\/\/www.stoehr-bakery.de\/kontakt\/#breadcrumb\"},\"inLanguage\":\"en-GB\",\"potentialAction\":[{\"@type\":\"ReadAction\",\"target\":[\"https:\/\/www.stoehr-bakery.de\/kontakt\/\"]}]},{\"@type\":\"BreadcrumbList\",\"@id\":\"https:\/\/www.stoehr-bakery.de\/kontakt\/#breadcrumb\",\"itemListElement\":[{\"@type\":\"ListItem\",\"position\":1,\"name\":\"Startseite\",\"item\":\"https:\/\/www.stoehr-bakery.de\/\"},{\"@type\":\"ListItem\",\"position\":2,\"name\":\"Kontakt\"}]},{\"@type\":\"WebSite\",\"@id\":\"https:\/\/www.stoehr-bakery.de\/#website\",\"url\":\"https:\/\/www.stoehr-bakery.de\/\",\"name\":\"St\u00f6hr Bakery\",\"description\":\"\",\"publisher\":{\"@id\":\"https:\/\/www.stoehr-bakery.de\/#organization\"},\"potentialAction\":[{\"@type\":\"SearchAction\",\"target\":{\"@type\":\"EntryPoint\",\"urlTemplate\":\"https:\/\/www.stoehr-bakery.de\/?s={search_term_string}\"},\"query-input\":\"required name=search_term_string\"}],\"inLanguage\":\"en-GB\"},{\"@type\":\"Organization\",\"@id\":\"https:\/\/www.stoehr-bakery.de\/#organization\",\"name\":\"St\u00f6hr Bakery\",\"url\":\"https:\/\/www.stoehr-bakery.de\/\",\"logo\":{\"@type\":\"ImageObject\",\"inLanguage\":\"en-GB\",\"@id\":\"https:\/\/www.stoehr-bakery.de\/#\/schema\/logo\/image\/\",\"url\":\"https:\/\/www.stoehr-bakery.de\/wp-content\/uploads\/2022\/02\/Stoehr_Bakery-Logo.webp\",\"contentUrl\":\"https:\/\/www.stoehr-bakery.de\/wp-content\/uploads\/2022\/02\/Stoehr_Bakery-Logo.webp\",\"width\":270,\"height\":270,\"caption\":\"St\u00f6hr Bakery\"},\"image\":{\"@id\":\"https:\/\/www.stoehr-bakery.de\/#\/schema\/logo\/image\/\"}}]}<\/script>\n<!-- \/ Yoast SEO plugin. -->","yoast_head_json":{"title":"Kontakt - St\u00f6hr Bakery","robots":{"index":"index","follow":"follow","max-snippet":"max-snippet:-1","max-image-preview":"max-image-preview:large","max-video-preview":"max-video-preview:-1"},"canonical":"https:\/\/www.stoehr-bakery.de\/en\/kontakt\/","og_locale":"en_GB","og_type":"article","og_title":"Kontakt - St\u00f6hr Bakery","og_description":"Kontakt Gerne beantworten wir Ihre Fragen zu unseren Produkten oder unserem Unternehmen der St\u00f6hr Bakery. \u00dcber das Formular k\u00f6nnen Sie mit ihrem Anliegen direkt Kontakt zu uns aufnehmen.","og_url":"https:\/\/www.stoehr-bakery.de\/en\/kontakt\/","og_site_name":"St\u00f6hr Bakery","article_modified_time":"2025-06-06T12:51:49+00:00","og_image":[{"url":"https:\/\/www.stoehr-bakery.de\/wp-content\/uploads\/2023\/11\/stoehr_background_desktop-scaled.webp"}],"twitter_card":"summary_large_image","twitter_misc":{"Estimated reading time":"1 minute"},"schema":{"@context":"https:\/\/schema.org","@graph":[{"@type":"WebPage","@id":"https:\/\/www.stoehr-bakery.de\/kontakt\/","url":"https:\/\/www.stoehr-bakery.de\/kontakt\/","name":"Kontakt - St\u00f6hr Bakery","isPartOf":{"@id":"https:\/\/www.stoehr-bakery.de\/#website"},"datePublished":"2023-10-11T12:48:51+00:00","dateModified":"2025-06-06T12:51:49+00:00","breadcrumb":{"@id":"https:\/\/www.stoehr-bakery.de\/kontakt\/#breadcrumb"},"inLanguage":"en-GB","potentialAction":[{"@type":"ReadAction","target":["https:\/\/www.stoehr-bakery.de\/kontakt\/"]}]},{"@type":"BreadcrumbList","@id":"https:\/\/www.stoehr-bakery.de\/kontakt\/#breadcrumb","itemListElement":[{"@type":"ListItem","position":1,"name":"Startseite","item":"https:\/\/www.stoehr-bakery.de\/"},{"@type":"ListItem","position":2,"name":"Kontakt"}]},{"@type":"WebSite","@id":"https:\/\/www.stoehr-bakery.de\/#website","url":"https:\/\/www.stoehr-bakery.de\/","name":"St\u00f6hr Bakery","description":"","publisher":{"@id":"https:\/\/www.stoehr-bakery.de\/#organization"},"potentialAction":[{"@type":"SearchAction","target":{"@type":"EntryPoint","urlTemplate":"https:\/\/www.stoehr-bakery.de\/?s={search_term_string}"},"query-input":"required name=search_term_string"}],"inLanguage":"en-GB"},{"@type":"Organization","@id":"https:\/\/www.stoehr-bakery.de\/#organization","name":"St\u00f6hr Bakery","url":"https:\/\/www.stoehr-bakery.de\/","logo":{"@type":"ImageObject","inLanguage":"en-GB","@id":"https:\/\/www.stoehr-bakery.de\/#\/schema\/logo\/image\/","url":"https:\/\/www.stoehr-bakery.de\/wp-content\/uploads\/2022\/02\/Stoehr_Bakery-Logo.webp","contentUrl":"https:\/\/www.stoehr-bakery.de\/wp-content\/uploads\/2022\/02\/Stoehr_Bakery-Logo.webp","width":270,"height":270,"caption":"St\u00f6hr Bakery"},"image":{"@id":"https:\/\/www.stoehr-bakery.de\/#\/schema\/logo\/image\/"}}]}},"_links":{"self":[{"href":"https:\/\/www.stoehr-bakery.de\/en\/wp-json\/wp\/v2\/pages\/813"}],"collection":[{"href":"https:\/\/www.stoehr-bakery.de\/en\/wp-json\/wp\/v2\/pages"}],"about":[{"href":"https:\/\/www.stoehr-bakery.de\/en\/wp-json\/wp\/v2\/types\/page"}],"author":[{"embeddable":true,"href":"https:\/\/www.stoehr-bakery.de\/en\/wp-json\/wp\/v2\/users\/3"}],"replies":[{"embeddable":true,"href":"https:\/\/www.stoehr-bakery.de\/en\/wp-json\/wp\/v2\/comments?post=813"}],"version-history":[{"count":4,"href":"https:\/\/www.stoehr-bakery.de\/en\/wp-json\/wp\/v2\/pages\/813\/revisions"}],"predecessor-version":[{"id":1028,"href":"https:\/\/www.stoehr-bakery.de\/en\/wp-json\/wp\/v2\/pages\/813\/revisions\/1028"}],"wp:attachment":[{"href":"https:\/\/www.stoehr-bakery.de\/en\/wp-json\/wp\/v2\/media?parent=813"}],"curies":[{"name":"wp","href":"https:\/\/api.w.org\/{rel}","templated":true}]}}