{"id":36,"date":"2022-02-03T12:29:21","date_gmt":"2022-02-03T12:29:21","guid":{"rendered":"https:\/\/b124quw.myraidbox.de\/?page_id=36"},"modified":"2023-12-08T12:52:40","modified_gmt":"2023-12-08T12:52:40","slug":"startseite","status":"publish","type":"page","link":"https:\/\/www.stoehr-bakery.de\/en\/","title":{"rendered":"Startseite"},"content":{"rendered":"<h1>\n\t\tSt\u00f6hr Bakery<br \/>Baking tradition since 1997\n\t<\/h1>\n\t<p><strong>Welcome to St\u00f6hr Bakery GmbH<\/strong><\/p>\n<p>We have been producing delicious sliced breads and toasts on our modern certified production lines since 1997.<\/p>\n<p>If you are interested in an offer, please contact our sales partner <a href=\"https:\/\/www.jaus-bakery.de\/de\" target=\"_blank\" rel=\"noopener\">https:\/\/www.jaus-bakery.de\/en<\/a>.<\/p>\n\t\t\t<a href=\"https:\/\/www.stoehr-bakery.de\/en\/kontakt\/\" target=\"_self\" rel=\"noopener\">\n\t\t\t\t\t\t\tContact now\n\t\t\t<\/a>\n\t\t\t\t<img decoding=\"async\" loading=\"lazy\" src=\"https:\/\/www.stoehr-bakery.de\/wp-content\/uploads\/2023\/10\/Stoehr_Weizenvollkornsandwich.webp\" alt=\"Stoehr_Weizenvollkornsandwich\" itemprop=\"image\" height=\"873\" width=\"339\" title=\"Stoehr_Weizenvollkornsandwich\" onerror=\"this.style.display='none'\"  \/>\n<h2>\n\t\tSt\u00f6hr WeizenvollkornSandwich\n\t<\/h2>\n\t<p>The St\u00f6hr Whole Grain Wheat Sandwich comes already in ready-to-eat slices.<\/p>\n<p>Whether toasted or untoasted, it is the perfect base for a juicy sandwich.<\/p>\n<p><strong>&#8211; 750g<\/strong><\/p>\n<h2>\n\t\tSt\u00f6hr Wheat Sandwich\n\t<\/h2>\n\t<p>The St\u00f6hr Wheat Sandwich is the classic among sandwich toasts. It is already sliced and ready for immediate use.<\/p>\n<p>Toasted or untoasted, it's ready for great sandwich creations.<\/p>\n<p><strong>&#8211; 750g<\/strong><\/p>\n\t\t\t\t<img decoding=\"async\" loading=\"lazy\" src=\"https:\/\/www.stoehr-bakery.de\/wp-content\/uploads\/2023\/10\/Stoehr_Weizensandwich.webp\" alt=\"Stoehr_Weizensandwich\" itemprop=\"image\" height=\"896\" width=\"338\" title=\"Stoehr_Weizensandwich\" onerror=\"this.style.display='none'\"  \/>\n\t\t\t\t<img decoding=\"async\" loading=\"lazy\" src=\"https:\/\/www.stoehr-bakery.de\/wp-content\/uploads\/2023\/10\/Jaus_Roggenmischbrot.webp\" alt=\"Jaus_Roggenmischbrot\" itemprop=\"image\" height=\"1414\" width=\"1274\" title=\"Jaus_Roggenmischbrot\" onerror=\"this.style.display='none'\"  \/>\n<h2>\n\t\tjaus Roggen-mischbrot\n\t<\/h2>\n\t<p>Jaus rye bread is perfect for those who love the real taste of bread, made according to ancient tradition. Our rye bread is characterized by the fact that it is rich in fiber.<\/p>\n<p>It is already cut into ready-to-eat slices that can be enjoyed for breakfast, as a snack or as a side dish to main meals.<\/p>\n<p><strong>&#8211; 500 g<\/strong><\/p>\n<h2>\n\t\tJaus wholemeal bread \n\t<\/h2>\n\t<p>The delicious wheat bread with wholemeal flour is additionally sprinkled with oat flakes. This makes it particularly aromatic and tasty.<\/p>\n<p>Ready to eat, it is already cut into suitable slices and can be topped with savory or sweet toppings.<\/p>\n<p><strong>&#8211; 500g<\/strong><\/p>\n\t\t\t\t<img decoding=\"async\" loading=\"lazy\" src=\"https:\/\/www.stoehr-bakery.de\/wp-content\/uploads\/2023\/10\/Jaus_Vollkonrbrot_mit_Haferflocken.webp\" alt=\"Jaus_Vollkonrbrot_mit_Haferflocken\" itemprop=\"image\" height=\"866\" width=\"814\" title=\"Jaus_Vollkonrbrot_mit_Haferflocken\" onerror=\"this.style.display='none'\"  \/>\n\t\t\t\t<img decoding=\"async\" loading=\"lazy\" src=\"https:\/\/www.stoehr-bakery.de\/wp-content\/uploads\/2023\/10\/Jaus_Koernerbrot.webp\" alt=\"Jaus_Koernerbrot\" itemprop=\"image\" height=\"1584\" width=\"1354\" title=\"Jaus_Koernerbrot\" onerror=\"this.style.display='none'\"  \/>\n<h2>\n\t\tJaus Grain Bread \n\t<\/h2>\n\t<p>Das Jaus K\u00f6rnerbrot besteht aus einer Kombination von Weizen, Roggen, Gerste und Hafer &#8211; eine leckere Ballaststoffquelle, angereichert mit Leinsamen und Sonnenblumenkernen.<\/p>\n<p>Already cut into thin slices, Jaus Grain Bread is ideal to eat immediately or warm it up in the oven to make it even more appetizing.<\/p>\n<p><strong>&#8211; 500g<\/strong><\/p>\n<h3>\n\t\tContact us!\n\t<\/h3>\n\t<p>If you have any questions about our products or our company, we will be happy to help you. Click here to go to our contact page and get in touch with us.<\/p>\n\t\t\t<a href=\"https:\/\/www.stoehr-bakery.de\/en\/kontakt\/\" target=\"_self\" rel=\"noopener\">\n\t\t\t\t\t\t\tContact now\n\t\t\t\t\t<\/a>","protected":false},"excerpt":{"rendered":"<p>St\u00f6hr BakeryBacktradition seit 1997 Herzlich Willkommen bei der St\u00f6hr Bakery GmbH Auf unseren modernen zertifizierten Produktionslinien stellen wir, bereits seit 1997, leckere Schnittbrote und Toastbrote her. Haben Sie Interesse an einem Angebot, wenden Sie sich gerne an unseren Vertriebspartner die JAUS Bakery GmbH. Jetzt Kontakt aufnehmen St\u00f6hr WeizenvollkornSandwich Das St\u00f6hr Weizenvollkornsandwich mit Vollkorn kommt bereits&hellip;<\/p>","protected":false},"author":3,"featured_media":0,"parent":0,"menu_order":0,"comment_status":"closed","ping_status":"closed","template":"","meta":{"inline_featured_image":false,"footnotes":""},"acf":[],"yoast_head":"<!-- This site is optimized with the Yoast SEO plugin v21.5 - https:\/\/yoast.com\/wordpress\/plugins\/seo\/ -->\n<title>Startseite - St\u00f6hr Bakery<\/title>\n<meta name=\"robots\" content=\"index, follow, max-snippet:-1, max-image-preview:large, max-video-preview:-1\" \/>\n<link rel=\"canonical\" href=\"https:\/\/www.stoehr-bakery.de\/en\/\" \/>\n<meta property=\"og:locale\" content=\"en_GB\" \/>\n<meta property=\"og:type\" content=\"article\" \/>\n<meta property=\"og:title\" content=\"Startseite - St\u00f6hr Bakery\" \/>\n<meta property=\"og:description\" content=\"St\u00f6hr BakeryBacktradition seit 1997 Herzlich Willkommen bei der St\u00f6hr Bakery GmbH Auf unseren modernen zertifizierten Produktionslinien stellen wir, bereits seit 1997, leckere Schnittbrote und Toastbrote her. Haben Sie Interesse an einem Angebot, wenden Sie sich gerne an unseren Vertriebspartner die JAUS Bakery GmbH. Jetzt Kontakt aufnehmen St\u00f6hr WeizenvollkornSandwich Das St\u00f6hr Weizenvollkornsandwich mit Vollkorn kommt bereits&hellip;\" \/>\n<meta property=\"og:url\" content=\"https:\/\/www.stoehr-bakery.de\/en\/\" \/>\n<meta property=\"og:site_name\" content=\"St\u00f6hr Bakery\" \/>\n<meta property=\"article:modified_time\" content=\"2023-12-08T12:52:40+00:00\" \/>\n<meta property=\"og:image\" content=\"https:\/\/www.stoehr-bakery.de\/wp-content\/uploads\/2023\/10\/Stoehr_Weizenvollkornsandwich.webp\" \/>\n<meta name=\"twitter:card\" content=\"summary_large_image\" \/>\n<meta name=\"twitter:label1\" content=\"Estimated reading time\" \/>\n\t<meta name=\"twitter:data1\" content=\"2 minutes\" \/>\n<script type=\"application\/ld+json\" class=\"yoast-schema-graph\">{\"@context\":\"https:\/\/schema.org\",\"@graph\":[{\"@type\":\"WebPage\",\"@id\":\"https:\/\/www.stoehr-bakery.de\/\",\"url\":\"https:\/\/www.stoehr-bakery.de\/\",\"name\":\"Startseite - St\u00f6hr Bakery\",\"isPartOf\":{\"@id\":\"https:\/\/www.stoehr-bakery.de\/#website\"},\"datePublished\":\"2022-02-03T12:29:21+00:00\",\"dateModified\":\"2023-12-08T12:52:40+00:00\",\"breadcrumb\":{\"@id\":\"https:\/\/www.stoehr-bakery.de\/#breadcrumb\"},\"inLanguage\":\"en-GB\",\"potentialAction\":[{\"@type\":\"ReadAction\",\"target\":[\"https:\/\/www.stoehr-bakery.de\/\"]}]},{\"@type\":\"BreadcrumbList\",\"@id\":\"https:\/\/www.stoehr-bakery.de\/#breadcrumb\",\"itemListElement\":[{\"@type\":\"ListItem\",\"position\":1,\"name\":\"Startseite\",\"item\":\"https:\/\/www.stoehr-bakery.de\/\"},{\"@type\":\"ListItem\",\"position\":2,\"name\":\"Startseite\"}]},{\"@type\":\"WebSite\",\"@id\":\"https:\/\/www.stoehr-bakery.de\/#website\",\"url\":\"https:\/\/www.stoehr-bakery.de\/\",\"name\":\"St\u00f6hr Bakery\",\"description\":\"\",\"publisher\":{\"@id\":\"https:\/\/www.stoehr-bakery.de\/#organization\"},\"potentialAction\":[{\"@type\":\"SearchAction\",\"target\":{\"@type\":\"EntryPoint\",\"urlTemplate\":\"https:\/\/www.stoehr-bakery.de\/?s={search_term_string}\"},\"query-input\":\"required name=search_term_string\"}],\"inLanguage\":\"en-GB\"},{\"@type\":\"Organization\",\"@id\":\"https:\/\/www.stoehr-bakery.de\/#organization\",\"name\":\"St\u00f6hr Bakery\",\"url\":\"https:\/\/www.stoehr-bakery.de\/\",\"logo\":{\"@type\":\"ImageObject\",\"inLanguage\":\"en-GB\",\"@id\":\"https:\/\/www.stoehr-bakery.de\/#\/schema\/logo\/image\/\",\"url\":\"https:\/\/www.stoehr-bakery.de\/wp-content\/uploads\/2022\/02\/Stoehr_Bakery-Logo.webp\",\"contentUrl\":\"https:\/\/www.stoehr-bakery.de\/wp-content\/uploads\/2022\/02\/Stoehr_Bakery-Logo.webp\",\"width\":270,\"height\":270,\"caption\":\"St\u00f6hr Bakery\"},\"image\":{\"@id\":\"https:\/\/www.stoehr-bakery.de\/#\/schema\/logo\/image\/\"}}]}<\/script>\n<!-- \/ Yoast SEO plugin. -->","yoast_head_json":{"title":"Startseite - St\u00f6hr Bakery","robots":{"index":"index","follow":"follow","max-snippet":"max-snippet:-1","max-image-preview":"max-image-preview:large","max-video-preview":"max-video-preview:-1"},"canonical":"https:\/\/www.stoehr-bakery.de\/en\/","og_locale":"en_GB","og_type":"article","og_title":"Startseite - St\u00f6hr Bakery","og_description":"St\u00f6hr BakeryBacktradition seit 1997 Herzlich Willkommen bei der St\u00f6hr Bakery GmbH Auf unseren modernen zertifizierten Produktionslinien stellen wir, bereits seit 1997, leckere Schnittbrote und Toastbrote her. Haben Sie Interesse an einem Angebot, wenden Sie sich gerne an unseren Vertriebspartner die JAUS Bakery GmbH. Jetzt Kontakt aufnehmen St\u00f6hr WeizenvollkornSandwich Das St\u00f6hr Weizenvollkornsandwich mit Vollkorn kommt bereits&hellip;","og_url":"https:\/\/www.stoehr-bakery.de\/en\/","og_site_name":"St\u00f6hr Bakery","article_modified_time":"2023-12-08T12:52:40+00:00","og_image":[{"url":"https:\/\/www.stoehr-bakery.de\/wp-content\/uploads\/2023\/10\/Stoehr_Weizenvollkornsandwich.webp"}],"twitter_card":"summary_large_image","twitter_misc":{"Estimated reading time":"2 minutes"},"schema":{"@context":"https:\/\/schema.org","@graph":[{"@type":"WebPage","@id":"https:\/\/www.stoehr-bakery.de\/","url":"https:\/\/www.stoehr-bakery.de\/","name":"Startseite - St\u00f6hr Bakery","isPartOf":{"@id":"https:\/\/www.stoehr-bakery.de\/#website"},"datePublished":"2022-02-03T12:29:21+00:00","dateModified":"2023-12-08T12:52:40+00:00","breadcrumb":{"@id":"https:\/\/www.stoehr-bakery.de\/#breadcrumb"},"inLanguage":"en-GB","potentialAction":[{"@type":"ReadAction","target":["https:\/\/www.stoehr-bakery.de\/"]}]},{"@type":"BreadcrumbList","@id":"https:\/\/www.stoehr-bakery.de\/#breadcrumb","itemListElement":[{"@type":"ListItem","position":1,"name":"Startseite","item":"https:\/\/www.stoehr-bakery.de\/"},{"@type":"ListItem","position":2,"name":"Startseite"}]},{"@type":"WebSite","@id":"https:\/\/www.stoehr-bakery.de\/#website","url":"https:\/\/www.stoehr-bakery.de\/","name":"St\u00f6hr Bakery","description":"","publisher":{"@id":"https:\/\/www.stoehr-bakery.de\/#organization"},"potentialAction":[{"@type":"SearchAction","target":{"@type":"EntryPoint","urlTemplate":"https:\/\/www.stoehr-bakery.de\/?s={search_term_string}"},"query-input":"required name=search_term_string"}],"inLanguage":"en-GB"},{"@type":"Organization","@id":"https:\/\/www.stoehr-bakery.de\/#organization","name":"St\u00f6hr Bakery","url":"https:\/\/www.stoehr-bakery.de\/","logo":{"@type":"ImageObject","inLanguage":"en-GB","@id":"https:\/\/www.stoehr-bakery.de\/#\/schema\/logo\/image\/","url":"https:\/\/www.stoehr-bakery.de\/wp-content\/uploads\/2022\/02\/Stoehr_Bakery-Logo.webp","contentUrl":"https:\/\/www.stoehr-bakery.de\/wp-content\/uploads\/2022\/02\/Stoehr_Bakery-Logo.webp","width":270,"height":270,"caption":"St\u00f6hr Bakery"},"image":{"@id":"https:\/\/www.stoehr-bakery.de\/#\/schema\/logo\/image\/"}}]}},"_links":{"self":[{"href":"https:\/\/www.stoehr-bakery.de\/en\/wp-json\/wp\/v2\/pages\/36"}],"collection":[{"href":"https:\/\/www.stoehr-bakery.de\/en\/wp-json\/wp\/v2\/pages"}],"about":[{"href":"https:\/\/www.stoehr-bakery.de\/en\/wp-json\/wp\/v2\/types\/page"}],"author":[{"embeddable":true,"href":"https:\/\/www.stoehr-bakery.de\/en\/wp-json\/wp\/v2\/users\/3"}],"replies":[{"embeddable":true,"href":"https:\/\/www.stoehr-bakery.de\/en\/wp-json\/wp\/v2\/comments?post=36"}],"version-history":[{"count":59,"href":"https:\/\/www.stoehr-bakery.de\/en\/wp-json\/wp\/v2\/pages\/36\/revisions"}],"predecessor-version":[{"id":961,"href":"https:\/\/www.stoehr-bakery.de\/en\/wp-json\/wp\/v2\/pages\/36\/revisions\/961"}],"wp:attachment":[{"href":"https:\/\/www.stoehr-bakery.de\/en\/wp-json\/wp\/v2\/media?parent=36"}],"curies":[{"name":"wp","href":"https:\/\/api.w.org\/{rel}","templated":true}]}}